{"id":11,"date":"2025-05-31T11:47:27","date_gmt":"2025-05-31T08:47:27","guid":{"rendered":"http:\/\/rnrg.lv\/grozs\/"},"modified":"2025-07-31T21:40:12","modified_gmt":"2025-07-31T18:40:12","slug":"grozs","status":"publish","type":"page","link":"https:\/\/rnrg.lv\/en\/grozs\/","title":{"rendered":"Cart"},"content":{"rendered":"<div data-block-name=\"woocommerce\/cart\" class=\"wp-block-woocommerce-cart alignwide is-loading\">\n<div data-block-name=\"woocommerce\/filled-cart-block\" class=\"wp-block-woocommerce-filled-cart-block\">\n<div data-block-name=\"woocommerce\/cart-items-block\" class=\"wp-block-woocommerce-cart-items-block\">\n<div data-block-name=\"woocommerce\/cart-line-items-block\" class=\"wp-block-woocommerce-cart-line-items-block\"><\/div>\n\n\n\n<div data-block-name=\"woocommerce\/cart-cross-sells-block\" class=\"wp-block-woocommerce-cart-cross-sells-block\">\n<h2 class=\"wp-block-heading has-large-font-size\">J\u016bs var\u0113tu interes\u0113t\u2026<\/h2>\n\n\n\n<div data-block-name=\"woocommerce\/cart-cross-sells-products-block\" class=\"wp-block-woocommerce-cart-cross-sells-products-block\"><\/div>\n<\/div>\n<\/div>\n\n\n\n<div data-block-name=\"woocommerce\/cart-totals-block\" class=\"wp-block-woocommerce-cart-totals-block\">\n<div data-block-name=\"woocommerce\/cart-order-summary-block\" class=\"wp-block-woocommerce-cart-order-summary-block\">\n<div data-block-name=\"woocommerce\/cart-order-summary-heading-block\" class=\"wp-block-woocommerce-cart-order-summary-heading-block\"><\/div><div data-block-name=\"woocommerce\/cart-order-summary-coupon-form-block\" class=\"wp-block-woocommerce-cart-order-summary-coupon-form-block\"><\/div><div data-block-name=\"woocommerce\/cart-order-summary-totals-block\" class=\"wp-block-woocommerce-cart-order-summary-totals-block\">\n<div data-block-name=\"woocommerce\/cart-order-summary-subtotal-block\" class=\"wp-block-woocommerce-cart-order-summary-subtotal-block\"><\/div>\n<div data-block-name=\"woocommerce\/cart-order-summary-discount-block\" class=\"wp-block-woocommerce-cart-order-summary-discount-block\"><\/div>\n<div data-block-name=\"woocommerce\/cart-order-summary-fee-block\" class=\"wp-block-woocommerce-cart-order-summary-fee-block\"><\/div>\n<div data-block-name=\"woocommerce\/cart-order-summary-shipping-block\" class=\"wp-block-woocommerce-cart-order-summary-shipping-block\"><\/div>\n<div data-block-name=\"woocommerce\/cart-order-summary-taxes-block\" class=\"wp-block-woocommerce-cart-order-summary-taxes-block\"><\/div><\/div>\n<\/div>\n\n\n\n<div data-block-name=\"woocommerce\/cart-express-payment-block\" class=\"wp-block-woocommerce-cart-express-payment-block\"><\/div>\n\n\n\n<div data-block-name=\"woocommerce\/proceed-to-checkout-block\" class=\"wp-block-woocommerce-proceed-to-checkout-block\"><\/div>\n\n\n\n<div data-block-name=\"woocommerce\/cart-accepted-payment-methods-block\" class=\"wp-block-woocommerce-cart-accepted-payment-methods-block\"><\/div>\n<\/div>\n<\/div>\n\n\n\n<div data-block-name=\"woocommerce\/empty-cart-block\" class=\"wp-block-woocommerce-empty-cart-block\">\n<h2 class=\"wp-block-heading has-text-align-center with-empty-cart-icon wc-block-cart__empty-cart__title\">Your cart is currently empty!<\/h2>\n\n\n\n<hr class=\"wp-block-separator has-alpha-channel-opacity is-style-dots\"\/>\n\n\n\n<h2 class=\"wp-block-heading has-text-align-center\">New in store<\/h2>\n\n\n<div data-block-name=\"woocommerce\/product-new\" data-columns=\"4\" data-rows=\"1\" class=\"wc-block-grid wp-block-product-new wp-block-woocommerce-product-new wc-block-product-new has-4-columns\"><ul class=\"wc-block-grid__products\"><li class=\"wc-block-grid__product\">\n\t\t\t\t<a href=\"https:\/\/rnrg.lv\/en\/product\/komplekts-saules-paneli-ja-solar-445w-invertors-dongls\/\" class=\"wc-block-grid__product-link\">\n\t\t\t\t\t<div class=\"wc-block-grid__product-onsale\">\n\t\t\t<span aria-hidden=\"true\" data-no-translation=\"\" data-trp-gettext=\"\">Sale<\/span>\n\t\t\t<span class=\"screen-reader-text\" data-no-translation=\"\" data-trp-gettext=\"\">Product on sale<\/span>\n\t\t<\/div>\n\t\t\t\t\t<div class=\"wc-block-grid__product-image\"><img loading=\"lazy\" decoding=\"async\" width=\"300\" height=\"300\" src=\"https:\/\/rnrg.lv\/wp-content\/uploads\/2026\/03\/Noformejums-bez-nosaukuma-300x300.jpg\" class=\"attachment-woocommerce_thumbnail size-woocommerce_thumbnail\" alt=\"Komplekts - Saules pane\u013ci JA SOLAR 445W + invertors + dongls\" srcset=\"https:\/\/rnrg.lv\/wp-content\/uploads\/2026\/03\/Noformejums-bez-nosaukuma-300x300.jpg 300w, https:\/\/rnrg.lv\/wp-content\/uploads\/2026\/03\/Noformejums-bez-nosaukuma-150x150.jpg 150w, https:\/\/rnrg.lv\/wp-content\/uploads\/2026\/03\/Noformejums-bez-nosaukuma-100x100.jpg 100w\" sizes=\"auto, (max-width: 300px) 100vw, 300px\" title=\"\"><\/div>\n\t\t\t\t\t<div class=\"wc-block-grid__product-title\">Komplekts - Saules pane\u013ci JA SOLAR 445W + invertors + dongls<\/div>\n\t\t\t\t<\/a>\n\t\t\t\t<div class=\"wc-block-grid__product-price price\"><del aria-hidden=\"true\"><span class=\"woocommerce-Price-amount amount\">3 664.64&nbsp;<span class=\"woocommerce-Price-currencySymbol\">&euro;<\/span><\/span><\/del> <span class=\"screen-reader-text\" data-no-translation=\"\" data-trp-gettext=\"\">Original price was: 3 664.64&nbsp;&euro;.<\/span><ins aria-hidden=\"true\"><span class=\"woocommerce-Price-amount amount\">2 714.54&nbsp;<span class=\"woocommerce-Price-currencySymbol\">&euro;<\/span><\/span><\/ins><span class=\"screen-reader-text\" data-no-translation=\"\" data-trp-gettext=\"\">Current price is: 2 714.54&nbsp;&euro;.<\/span> <small class=\"woocommerce-price-suffix\">(incl. VAT)<\/small><\/div>\n\t\t\t\t\n\t\t\t\t<div class=\"wp-block-button wc-block-grid__product-add-to-cart\"><a href=\"\/en\/wp-json\/wp\/v2\/pages\/11?add-to-cart=1578\" aria-label=\"Add to cart: \u201cKomplekts - Saules pane\u013ci JA SOLAR 445W + invertors + dongls\u201d\" data-quantity=\"1\" data-product_id=\"1578\" data-product_sku=\"\" data-price=\"2714.54\" rel=\"nofollow\" class=\"wp-block-button__link wp-element-button add_to_cart_button ajax_add_to_cart\" data-no-translation=\"\" data-trp-gettext=\"\" data-no-translation-aria-label=\"\">Add to cart<\/a><\/div>\n\t\t\t<\/li><li class=\"wc-block-grid__product\">\n\t\t\t\t<a href=\"https:\/\/rnrg.lv\/en\/product\/jinko-tiger-neo-455w-n-type-fb-dg\/\" class=\"wc-block-grid__product-link\">\n\t\t\t\t\t\n\t\t\t\t\t<div class=\"wc-block-grid__product-image\"><img loading=\"lazy\" decoding=\"async\" width=\"300\" height=\"300\" src=\"https:\/\/rnrg.lv\/wp-content\/uploads\/2026\/03\/jinkosolar-300x300.jpg\" class=\"attachment-woocommerce_thumbnail size-woocommerce_thumbnail\" alt=\"Jinko Tiger Neo 455W \/ n-type, FB, DG\" srcset=\"https:\/\/rnrg.lv\/wp-content\/uploads\/2026\/03\/jinkosolar-300x300.jpg 300w, https:\/\/rnrg.lv\/wp-content\/uploads\/2026\/03\/jinkosolar-150x150.jpg 150w, https:\/\/rnrg.lv\/wp-content\/uploads\/2026\/03\/jinkosolar-100x100.jpg 100w\" sizes=\"auto, (max-width: 300px) 100vw, 300px\" title=\"\"><\/div>\n\t\t\t\t\t<div class=\"wc-block-grid__product-title\">Jinko Tiger Neo 455W \/ n-type, FB, DG<\/div>\n\t\t\t\t<\/a>\n\t\t\t\t<div class=\"wc-block-grid__product-price price\"><span class=\"woocommerce-Price-amount amount\">79.90&nbsp;<span class=\"woocommerce-Price-currencySymbol\">&euro;<\/span><\/span> <small class=\"woocommerce-price-suffix\">(incl. VAT)<\/small><\/div>\n\t\t\t\t\n\t\t\t\t<div class=\"wp-block-button wc-block-grid__product-add-to-cart\"><a href=\"\/en\/wp-json\/wp\/v2\/pages\/11?add-to-cart=1572\" aria-label=\"Add to cart: \u201cJinko Tiger Neo 455W \/ n-type, FB, DG\u201d\" data-quantity=\"1\" data-product_id=\"1572\" data-product_sku=\"JKM455N-48HL4M-DB\" data-price=\"79.9\" rel=\"nofollow\" class=\"wp-block-button__link wp-element-button add_to_cart_button ajax_add_to_cart\" data-no-translation=\"\" data-trp-gettext=\"\" data-no-translation-aria-label=\"\">Add to cart<\/a><\/div>\n\t\t\t<\/li><li class=\"wc-block-grid__product\">\n\t\t\t\t<a href=\"https:\/\/rnrg.lv\/en\/product\/viedais-skaititajs-sigentp-120a-ct-dh\/\" class=\"wc-block-grid__product-link\">\n\t\t\t\t\t<div class=\"wc-block-grid__product-onsale\">\n\t\t\t<span aria-hidden=\"true\" data-no-translation=\"\" data-trp-gettext=\"\">Sale<\/span>\n\t\t\t<span class=\"screen-reader-text\" data-no-translation=\"\" data-trp-gettext=\"\">Product on sale<\/span>\n\t\t<\/div>\n\t\t\t\t\t<div class=\"wc-block-grid__product-image\"><img loading=\"lazy\" decoding=\"async\" width=\"300\" height=\"300\" src=\"https:\/\/rnrg.lv\/wp-content\/uploads\/2026\/02\/sigenergy-tp-120a-300x300.webp\" class=\"attachment-woocommerce_thumbnail size-woocommerce_thumbnail\" alt=\"Viedais skait\u012bt\u0101js SigenTP 120A CT DH\" srcset=\"https:\/\/rnrg.lv\/wp-content\/uploads\/2026\/02\/sigenergy-tp-120a-300x300.webp 300w, https:\/\/rnrg.lv\/wp-content\/uploads\/2026\/02\/sigenergy-tp-120a-150x150.webp 150w, https:\/\/rnrg.lv\/wp-content\/uploads\/2026\/02\/sigenergy-tp-120a-12x12.webp 12w, https:\/\/rnrg.lv\/wp-content\/uploads\/2026\/02\/sigenergy-tp-120a-100x100.webp 100w, https:\/\/rnrg.lv\/wp-content\/uploads\/2026\/02\/sigenergy-tp-120a-64x64.webp 64w, https:\/\/rnrg.lv\/wp-content\/uploads\/2026\/02\/sigenergy-tp-120a.webp 360w\" sizes=\"auto, (max-width: 300px) 100vw, 300px\" title=\"\"><\/div>\n\t\t\t\t\t<div class=\"wc-block-grid__product-title\">Viedais skait\u012bt\u0101js SigenTP 120A CT DH<\/div>\n\t\t\t\t<\/a>\n\t\t\t\t<div class=\"wc-block-grid__product-price price\"><del aria-hidden=\"true\"><span class=\"woocommerce-Price-amount amount\">346.00&nbsp;<span class=\"woocommerce-Price-currencySymbol\">&euro;<\/span><\/span><\/del> <span class=\"screen-reader-text\" data-no-translation=\"\" data-trp-gettext=\"\">Original price was: 346.00&nbsp;&euro;.<\/span><ins aria-hidden=\"true\"><span class=\"woocommerce-Price-amount amount\">298.87&nbsp;<span class=\"woocommerce-Price-currencySymbol\">&euro;<\/span><\/span><\/ins><span class=\"screen-reader-text\" data-no-translation=\"\" data-trp-gettext=\"\">Current price is: 298.87&nbsp;&euro;.<\/span> <small class=\"woocommerce-price-suffix\">(incl. VAT)<\/small><\/div>\n\t\t\t\t\n\t\t\t\t<div class=\"wp-block-button wc-block-grid__product-add-to-cart\"><a href=\"\/en\/wp-json\/wp\/v2\/pages\/11?add-to-cart=1334\" aria-label=\"Add to cart: \u201cViedais skait\u012bt\u0101js SigenTP 120A CT DH\u201d\" data-quantity=\"1\" data-product_id=\"1334\" data-product_sku=\"\" data-price=\"298.87\" rel=\"nofollow\" class=\"wp-block-button__link wp-element-button add_to_cart_button ajax_add_to_cart\" data-no-translation=\"\" data-trp-gettext=\"\" data-no-translation-aria-label=\"\">Add to cart<\/a><\/div>\n\t\t\t<\/li><li class=\"wc-block-grid__product\">\n\t\t\t\t<a href=\"https:\/\/rnrg.lv\/en\/product\/akumulatora-bloks-sigenstor-bat-6-0\/\" class=\"wc-block-grid__product-link\">\n\t\t\t\t\t<div class=\"wc-block-grid__product-onsale\">\n\t\t\t<span aria-hidden=\"true\" data-no-translation=\"\" data-trp-gettext=\"\">Sale<\/span>\n\t\t\t<span class=\"screen-reader-text\" data-no-translation=\"\" data-trp-gettext=\"\">Product on sale<\/span>\n\t\t<\/div>\n\t\t\t\t\t<div class=\"wc-block-grid__product-image\"><img loading=\"lazy\" decoding=\"async\" width=\"300\" height=\"300\" src=\"https:\/\/rnrg.lv\/wp-content\/uploads\/2026\/02\/SigenStor-BAT-6.0-300x300.webp\" class=\"attachment-woocommerce_thumbnail size-woocommerce_thumbnail\" alt=\"Akumulatora bloks SigenStor BAT 6.0\" srcset=\"https:\/\/rnrg.lv\/wp-content\/uploads\/2026\/02\/SigenStor-BAT-6.0-300x300.webp 300w, https:\/\/rnrg.lv\/wp-content\/uploads\/2026\/02\/SigenStor-BAT-6.0-150x150.webp 150w, https:\/\/rnrg.lv\/wp-content\/uploads\/2026\/02\/SigenStor-BAT-6.0-12x12.webp 12w, https:\/\/rnrg.lv\/wp-content\/uploads\/2026\/02\/SigenStor-BAT-6.0-600x600.webp 600w, https:\/\/rnrg.lv\/wp-content\/uploads\/2026\/02\/SigenStor-BAT-6.0-100x100.webp 100w, https:\/\/rnrg.lv\/wp-content\/uploads\/2026\/02\/SigenStor-BAT-6.0-64x64.webp 64w, https:\/\/rnrg.lv\/wp-content\/uploads\/2026\/02\/SigenStor-BAT-6.0.webp 645w\" sizes=\"auto, (max-width: 300px) 100vw, 300px\" title=\"\"><\/div>\n\t\t\t\t\t<div class=\"wc-block-grid__product-title\">Akumulatora bloks SigenStor BAT 6.0<\/div>\n\t\t\t\t<\/a>\n\t\t\t\t<div class=\"wc-block-grid__product-price price\"><del aria-hidden=\"true\"><span class=\"woocommerce-Price-amount amount\">2 980.00&nbsp;<span class=\"woocommerce-Price-currencySymbol\">&euro;<\/span><\/span><\/del> <span class=\"screen-reader-text\" data-no-translation=\"\" data-trp-gettext=\"\">Original price was: 2 980.00&nbsp;&euro;.<\/span><ins aria-hidden=\"true\"><span class=\"woocommerce-Price-amount amount\">2 650.00&nbsp;<span class=\"woocommerce-Price-currencySymbol\">&euro;<\/span><\/span><\/ins><span class=\"screen-reader-text\" data-no-translation=\"\" data-trp-gettext=\"\">Current price is: 2 650.00&nbsp;&euro;.<\/span> <small class=\"woocommerce-price-suffix\">(incl. VAT)<\/small><\/div>\n\t\t\t\t\n\t\t\t\t<div class=\"wp-block-button wc-block-grid__product-add-to-cart\"><a href=\"\/en\/wp-json\/wp\/v2\/pages\/11?add-to-cart=1333\" aria-label=\"Add to cart: \u201cAkumulatora bloks SigenStor BAT 6.0\u201d\" data-quantity=\"1\" data-product_id=\"1333\" data-product_sku=\"11130012-1130013\" data-price=\"2650\" rel=\"nofollow\" class=\"wp-block-button__link wp-element-button add_to_cart_button ajax_add_to_cart\" data-no-translation=\"\" data-trp-gettext=\"\" data-no-translation-aria-label=\"\">Add to cart<\/a><\/div>\n\t\t\t<\/li><\/ul><\/div><\/div>\n<\/div>","protected":false},"excerpt":{"rendered":"","protected":false},"author":1,"featured_media":68,"parent":0,"menu_order":0,"comment_status":"closed","ping_status":"closed","template":"","meta":{"_acf_changed":false,"footnotes":""},"class_list":["post-11","page","type-page","status-publish","has-post-thumbnail","hentry"],"acf":[],"_links":{"self":[{"href":"https:\/\/rnrg.lv\/en\/wp-json\/wp\/v2\/pages\/11","targetHints":{"allow":["GET"]}}],"collection":[{"href":"https:\/\/rnrg.lv\/en\/wp-json\/wp\/v2\/pages"}],"about":[{"href":"https:\/\/rnrg.lv\/en\/wp-json\/wp\/v2\/types\/page"}],"author":[{"embeddable":true,"href":"https:\/\/rnrg.lv\/en\/wp-json\/wp\/v2\/users\/1"}],"replies":[{"embeddable":true,"href":"https:\/\/rnrg.lv\/en\/wp-json\/wp\/v2\/comments?post=11"}],"version-history":[{"count":7,"href":"https:\/\/rnrg.lv\/en\/wp-json\/wp\/v2\/pages\/11\/revisions"}],"predecessor-version":[{"id":1079,"href":"https:\/\/rnrg.lv\/en\/wp-json\/wp\/v2\/pages\/11\/revisions\/1079"}],"wp:featuredmedia":[{"embeddable":true,"href":"https:\/\/rnrg.lv\/en\/wp-json\/wp\/v2\/media\/68"}],"wp:attachment":[{"href":"https:\/\/rnrg.lv\/en\/wp-json\/wp\/v2\/media?parent=11"}],"curies":[{"name":"wp","href":"https:\/\/api.w.org\/{rel}","templated":true}]}}