{"id":719,"date":"2025-07-14T14:49:58","date_gmt":"2025-07-14T11:49:58","guid":{"rendered":"http:\/\/rnrg.lv\/?post_type=product&#038;p=719"},"modified":"2025-07-14T14:49:58","modified_gmt":"2025-07-14T11:49:58","slug":"foxess-t10-g3","status":"publish","type":"product","link":"https:\/\/rnrg.lv\/en\/product\/foxess-t10-g3\/","title":{"rendered":"FoxESS - T10 G3"},"content":{"rendered":"<p>FoxESS three-phase 10 kW inverter is designed for residential and small commercial installations. The Fox inverter is precisely engineered to provide users with maximum efficiency, reliability, and long service life. It uses high-quality components from world-leading manufacturers, which directly affect the product's lifespan. The FoxESS inverter is intended for outdoor installation. Another advantage is the ability to remotely monitor the installation using a smartphone or online portal.<\/p>\n<p>Inverter FoxESS 10kW, grid-tied, three-phase, 2 MPPT, display, Wi-Fi<\/p>\n<p class=\"translation-block\">Width: 370.00 mm<br>\nLength: 480.00 mm<br>\nHeight: 184.00 mm<br>\nWeight: 21.00 kg<br><\/p>","protected":false},"excerpt":{"rendered":"<p>FoxESS tr\u012bsf\u0101zu 10 kW invertors ir paredz\u0113ts dz\u012bvojam\u0101m un maz\u0101m komerci\u0101l\u0101m instal\u0101cij\u0101m. Fox invertors ir prec\u012bzi izstr\u0101d\u0101ts, lai nodro\u0161in\u0101tu lietot\u0101jiem maksim\u0101lu efektivit\u0101ti, uzticam\u012bbu un darb\u012bbas ilgumu. Taj\u0101 tiek izmantotas augstas kvalit\u0101tes pasaules vado\u0161o ra\u017eot\u0101ju sast\u0101vda\u013cas, kas tie\u0161i ietekm\u0113 produkta kalpo\u0161anas laiku. FoxESS invertors ir paredz\u0113ts uzst\u0101d\u012b\u0161anai \u0101rpus telp\u0101m. T\u0101 priek\u0161roc\u012bba ir ar\u012b iesp\u0113ja att\u0101lin\u0101ti uzraudz\u012bt [&hellip;]<\/p>\n","protected":false},"featured_media":539,"comment_status":"open","ping_status":"closed","template":"","meta":{"_acf_changed":false},"product_brand":[77],"product_cat":[24,18],"product_tag":[],"class_list":{"0":"post-719","1":"product","2":"type-product","3":"status-publish","4":"has-post-thumbnail","6":"product_brand-foxess","7":"product_cat-akcijas","8":"product_cat-invertori","10":"first","11":"instock","12":"sale","13":"taxable","14":"shipping-taxable","15":"purchasable","16":"product-type-simple"},"acf":[],"_links":{"self":[{"href":"https:\/\/rnrg.lv\/en\/wp-json\/wp\/v2\/product\/719","targetHints":{"allow":["GET"]}}],"collection":[{"href":"https:\/\/rnrg.lv\/en\/wp-json\/wp\/v2\/product"}],"about":[{"href":"https:\/\/rnrg.lv\/en\/wp-json\/wp\/v2\/types\/product"}],"replies":[{"embeddable":true,"href":"https:\/\/rnrg.lv\/en\/wp-json\/wp\/v2\/comments?post=719"}],"wp:featuredmedia":[{"embeddable":true,"href":"https:\/\/rnrg.lv\/en\/wp-json\/wp\/v2\/media\/539"}],"wp:attachment":[{"href":"https:\/\/rnrg.lv\/en\/wp-json\/wp\/v2\/media?parent=719"}],"wp:term":[{"taxonomy":"product_brand","embeddable":true,"href":"https:\/\/rnrg.lv\/en\/wp-json\/wp\/v2\/product_brand?post=719"},{"taxonomy":"product_cat","embeddable":true,"href":"https:\/\/rnrg.lv\/en\/wp-json\/wp\/v2\/product_cat?post=719"},{"taxonomy":"product_tag","embeddable":true,"href":"https:\/\/rnrg.lv\/en\/wp-json\/wp\/v2\/product_tag?post=719"}],"curies":[{"name":"wp","href":"https:\/\/api.w.org\/{rel}","templated":true}]}}