{"id":830,"date":"2025-07-15T14:34:00","date_gmt":"2025-07-15T11:34:00","guid":{"rendered":"http:\/\/rnrg.lv\/?post_type=product&#038;p=830"},"modified":"2025-07-27T16:14:07","modified_gmt":"2025-07-27T13:14:07","slug":"gala-skava-vario","status":"publish","type":"product","link":"https:\/\/rnrg.lv\/en\/product\/gala-skava-vario\/","title":{"rendered":"End clamp Vario"},"content":{"rendered":"<div>\u0112rti pieskr\u016bv\u0113jama no aug\u0161puses<\/div>\n<div>Nepiecie\u0161ams tikai viens darbar\u012bks: TX 40<\/div>\n<div>Paredz\u0113ts r\u0101mja augstumam 30 - 50 mm<\/div>\n<div>Tiek nov\u0113rsta nejau\u0161a pagrie\u0161ana mont\u0101\u017eas laik\u0101<\/div>\n<div>Demont\u0113jot, skava no\u0146emas piln\u012bb\u0101 nost<\/div>\n<div>Pieejama ar\u012b meln\u0101 kr\u0101s\u0101, anod\u0113ta<\/div>\n<div>Vienk\u0101r\u0161a vad\u0101m\u012bba, pateicoties t\u0101s kompaktajai konstrukcijai<\/div>\n<div>Preces numurs: 91112-00<\/div>","protected":false},"excerpt":{"rendered":"<p>\u0112rti pieskr\u016bv\u0113jama no aug\u0161puses Nepiecie\u0161ams tikai viens darbar\u012bks: TX 40 Paredz\u0113ts r\u0101mja augstumam 30 - 50 mm Tiek nov\u0113rsta nejau\u0161a pagrie\u0161ana mont\u0101\u017eas laik\u0101 Demont\u0113jot, skava no\u0146emas piln\u012bb\u0101 nost Pieejama ar\u012b meln\u0101 kr\u0101s\u0101, anod\u0113ta Vienk\u0101r\u0161a vad\u0101m\u012bba, pateicoties t\u0101s kompaktajai konstrukcijai Preces numurs: 91112-00<\/p>","protected":false},"featured_media":520,"comment_status":"open","ping_status":"closed","template":"","meta":{"_acf_changed":false},"product_brand":[],"product_cat":[42,41,43],"product_tag":[],"class_list":{"0":"post-830","1":"product","2":"type-product","3":"status-publish","4":"has-post-thumbnail","6":"product_cat-plakaniem-jumtiem","7":"product_cat-slipiem-jumtiem","8":"product_cat-uz-zemes","10":"first","11":"instock","12":"taxable","13":"shipping-taxable","14":"purchasable","15":"product-type-simple"},"acf":[],"_links":{"self":[{"href":"https:\/\/rnrg.lv\/en\/wp-json\/wp\/v2\/product\/830","targetHints":{"allow":["GET"]}}],"collection":[{"href":"https:\/\/rnrg.lv\/en\/wp-json\/wp\/v2\/product"}],"about":[{"href":"https:\/\/rnrg.lv\/en\/wp-json\/wp\/v2\/types\/product"}],"replies":[{"embeddable":true,"href":"https:\/\/rnrg.lv\/en\/wp-json\/wp\/v2\/comments?post=830"}],"wp:featuredmedia":[{"embeddable":true,"href":"https:\/\/rnrg.lv\/en\/wp-json\/wp\/v2\/media\/520"}],"wp:attachment":[{"href":"https:\/\/rnrg.lv\/en\/wp-json\/wp\/v2\/media?parent=830"}],"wp:term":[{"taxonomy":"product_brand","embeddable":true,"href":"https:\/\/rnrg.lv\/en\/wp-json\/wp\/v2\/product_brand?post=830"},{"taxonomy":"product_cat","embeddable":true,"href":"https:\/\/rnrg.lv\/en\/wp-json\/wp\/v2\/product_cat?post=830"},{"taxonomy":"product_tag","embeddable":true,"href":"https:\/\/rnrg.lv\/en\/wp-json\/wp\/v2\/product_tag?post=830"}],"curies":[{"name":"wp","href":"https:\/\/api.w.org\/{rel}","templated":true}]}}